{"id":184,"date":"2013-11-01T19:23:57","date_gmt":"2013-11-01T19:23:57","guid":{"rendered":"http:\/\/copacesp.com.br\/?page_id=184"},"modified":"2013-12-01T13:49:55","modified_gmt":"2013-12-01T13:49:55","slug":"cooperados","status":"publish","type":"page","link":"https:\/\/copacesp.com.br\/?page_id=184","title":{"rendered":"Cooperados"},"content":{"rendered":"<p>&nbsp;<\/p>\n<p>http:\/\/www.destilariasantaclara.com.br\/<br \/>\nAntonio Fernando Tirolli &amp; Cia Ltda.<br \/>\nCamilo Ferrari S\/A Ind\u00fastria e Com\u00e9rcio<br \/>\nCafealcool Destilaria \u00c1lcool Ltda.<br \/>\nDavid Modolo &amp; Irm\u00e3os Ltda.<br \/>\nDestilaria Pyles<br \/>\nInd\u00fastria e Com. Agte Colosso Ltda<br \/>\nInd\u00fastria e Com. Agte Foltran Ltda<br \/>\nDestilaria Santa Ana<br \/>\nJo\u00e3o Eduardo Dassie<br \/>\nJos\u00e9 Granelli &amp; Filhos Ltda.<br \/>\nMorante Bergamaschi &amp; Cia Ltda.<br \/>\nZambianco A\u00e7\u00facar e \u00c1lcool Ltda.<a href=\"http:\/\/www.ativashop.com.br\/imagem\/zambianco.JPG\" target=\"_blank\"><br \/>\n<\/a>Industria de Bebidas Seis Lagoas Ltda<br \/>\nIndustria de Aguardente Baptistella Ltda<br \/>\nDestilaria Momesso Ltda<br \/>\nEngenho de Cacha\u00e7a Roque&amp;Roque Ltda<br \/>\nIndustria de Bebidas Lucatto Ltda<br \/>\n<strong><a title=\"Usina Granelli\" href=\"http:\/\/www.usinagranelli.com.br\/\" target=\"_blank\">Usina Granelli<\/a><\/strong><\/p>\n<p>&nbsp;<\/p>\n","protected":false},"excerpt":{"rendered":"<p>&nbsp; http:\/\/www.destilariasantaclara.com.br\/ Antonio Fernando Tirolli &amp; Cia Ltda. Camilo Ferrari S\/A Ind\u00fastria e Com\u00e9rcio Cafealcool Destilaria \u00c1lcool Ltda. David Modolo &amp; Irm\u00e3os Ltda. Destilaria Pyles Ind\u00fastria e Com. Agte Colosso Ltda Ind\u00fastria e Com. Agte Foltran Ltda Destilaria Santa Ana Jo\u00e3o Eduardo Dassie Jos\u00e9 Granelli &amp; Filhos Ltda. Morante Bergamaschi &amp; Cia Ltda. Zambianco A\u00e7\u00facar &#8230;<\/p>\n","protected":false},"author":3,"featured_media":0,"parent":0,"menu_order":0,"comment_status":"closed","ping_status":"closed","template":"","meta":[],"aioseo_notices":[],"_links":{"self":[{"href":"https:\/\/copacesp.com.br\/index.php?rest_route=\/wp\/v2\/pages\/184"}],"collection":[{"href":"https:\/\/copacesp.com.br\/index.php?rest_route=\/wp\/v2\/pages"}],"about":[{"href":"https:\/\/copacesp.com.br\/index.php?rest_route=\/wp\/v2\/types\/page"}],"author":[{"embeddable":true,"href":"https:\/\/copacesp.com.br\/index.php?rest_route=\/wp\/v2\/users\/3"}],"replies":[{"embeddable":true,"href":"https:\/\/copacesp.com.br\/index.php?rest_route=%2Fwp%2Fv2%2Fcomments&post=184"}],"version-history":[{"count":5,"href":"https:\/\/copacesp.com.br\/index.php?rest_route=\/wp\/v2\/pages\/184\/revisions"}],"predecessor-version":[{"id":367,"href":"https:\/\/copacesp.com.br\/index.php?rest_route=\/wp\/v2\/pages\/184\/revisions\/367"}],"wp:attachment":[{"href":"https:\/\/copacesp.com.br\/index.php?rest_route=%2Fwp%2Fv2%2Fmedia&parent=184"}],"curies":[{"name":"wp","href":"https:\/\/api.w.org\/{rel}","templated":true}]}}