{"id":337,"date":"2013-11-21T01:12:16","date_gmt":"2013-11-21T01:12:16","guid":{"rendered":"http:\/\/copacesp.com.br\/?page_id=337"},"modified":"2013-11-21T01:12:55","modified_gmt":"2013-11-21T01:12:55","slug":"perspectivas-futuras","status":"publish","type":"page","link":"https:\/\/copacesp.com.br\/?page_id=337","title":{"rendered":"Perspectivas Futuras"},"content":{"rendered":"<p><img decoding=\"async\" loading=\"lazy\" class=\"alignleft size-full wp-image-338\" alt=\"perspectivas -futuras\" src=\"http:\/\/copacesp.com.br\/wp-content\/uploads\/2013\/11\/perspectivas-futuras.png\" width=\"263\" height=\"192\" \/>A COPACESP trabalha para que no futuro pr\u00f3ximo os produtores de Cacha\u00e7a se unam em torno de um ideal que \u00e9 o Cooperativismo.<\/p>\n<p>O produto que \u00e9 a Cacha\u00e7a n\u00e3o pode ser entregue a qualquer pre\u00e7o no mercado consumidor, pois fazendo isto o pre\u00e7o justo da Cacha\u00e7a dever\u00e1 prevalecer.<\/p>\n<p>Por isto, n\u00f3s diretores da COPACESP, pedimos a todos os produtores de Cacha\u00e7a e Aguardente sejam mais unidos.<\/p>\n<p>A COPACESP espera a uni\u00e3o de todos e uma valoriza\u00e7\u00e3o mais justa no que produzem a Cacha\u00e7a.<\/p>\n<p>A Diretoria da COPACESP espera um futuro promissor para a Cacha\u00e7a com aumento e sua produ\u00e7\u00e3o anual em torno de 5 a 10% contando com os engarrafadores na venda e distribui\u00e7\u00e3o nacional e internacional.<\/p>\n<p>Para assegurar uma perspectiva positiva, a COPACESP \u00e9 associada ao IBRAC e faz parte da C\u00e2mara Setorial da Cacha\u00e7a em Bras\u00edlia \u2013 DF.<\/p>\n<p>Esta Cooperativa segue o regulamento t\u00e9cnico quanto aos padr\u00f5es de identidade e qualidade para aguardente de cana e Cacha\u00e7a junto ao MAPA.<\/p>\n<p>Lembrando ainda que a produ\u00e7\u00e3o de Cacha\u00e7a pelo Brasil num total aproximado em hum bilh\u00e3o de litro. Este resultado gera empregabilidade e o sustento para milhares de fam\u00edlias por todos os estados produtores de Cacha\u00e7a.<\/p>\n<p>A Diretoria<\/p>\n","protected":false},"excerpt":{"rendered":"<p>A COPACESP trabalha para que no futuro pr\u00f3ximo os produtores de Cacha\u00e7a se unam em torno de um ideal que \u00e9 o Cooperativismo. O produto que \u00e9 a Cacha\u00e7a n\u00e3o pode ser entregue a qualquer pre\u00e7o no mercado consumidor, pois fazendo isto o pre\u00e7o justo da Cacha\u00e7a dever\u00e1 prevalecer. Por isto, n\u00f3s diretores da COPACESP, &#8230;<\/p>\n","protected":false},"author":3,"featured_media":0,"parent":0,"menu_order":0,"comment_status":"open","ping_status":"closed","template":"","meta":[],"aioseo_notices":[],"_links":{"self":[{"href":"https:\/\/copacesp.com.br\/index.php?rest_route=\/wp\/v2\/pages\/337"}],"collection":[{"href":"https:\/\/copacesp.com.br\/index.php?rest_route=\/wp\/v2\/pages"}],"about":[{"href":"https:\/\/copacesp.com.br\/index.php?rest_route=\/wp\/v2\/types\/page"}],"author":[{"embeddable":true,"href":"https:\/\/copacesp.com.br\/index.php?rest_route=\/wp\/v2\/users\/3"}],"replies":[{"embeddable":true,"href":"https:\/\/copacesp.com.br\/index.php?rest_route=%2Fwp%2Fv2%2Fcomments&post=337"}],"version-history":[{"count":1,"href":"https:\/\/copacesp.com.br\/index.php?rest_route=\/wp\/v2\/pages\/337\/revisions"}],"predecessor-version":[{"id":339,"href":"https:\/\/copacesp.com.br\/index.php?rest_route=\/wp\/v2\/pages\/337\/revisions\/339"}],"wp:attachment":[{"href":"https:\/\/copacesp.com.br\/index.php?rest_route=%2Fwp%2Fv2%2Fmedia&parent=337"}],"curies":[{"name":"wp","href":"https:\/\/api.w.org\/{rel}","templated":true}]}}