{"id":67,"date":"2013-10-05T18:13:53","date_gmt":"2013-10-05T18:13:53","guid":{"rendered":"http:\/\/copacesp.com.br\/?page_id=67"},"modified":"2013-10-29T03:07:24","modified_gmt":"2013-10-29T03:07:24","slug":"a-empresa","status":"publish","type":"page","link":"https:\/\/copacesp.com.br\/?page_id=67","title":{"rendered":"A Empresa"},"content":{"rendered":"<p><img decoding=\"async\" loading=\"lazy\" class=\"alignleft size-full wp-image-69\" alt=\"aempresa\" src=\"http:\/\/copacesp.com.br\/wp-content\/uploads\/2013\/10\/aempresa.jpg\" width=\"375\" height=\"300\" srcset=\"https:\/\/copacesp.com.br\/wp-content\/uploads\/2013\/10\/aempresa.jpg 375w, https:\/\/copacesp.com.br\/wp-content\/uploads\/2013\/10\/aempresa-300x240.jpg 300w\" sizes=\"(max-width: 375px) 100vw, 375px\" \/><\/p>\n<p><b>MISS\u00c3O<\/b><\/p>\n<p><b>\u00a0<\/b>Acolher os cooperados que fornecem aguardente e facilitar a comercializa\u00e7\u00e3o deste produto aos clientes que distribuem no mercado nacional e internacional, visando o crescimento em seus neg\u00f3cios.<\/p>\n<p><b>VIS\u00c3O \u00a0<\/b><\/p>\n<p>Ser a melhor Cooperativa em aguardente do Brasil. Por isso, toda a equipe de colaboradores trabalham a cada dia,\u00a0 para atender as pessoas jur\u00eddicas que valorizam este produto t\u00e3o reconhecido pelo mundo afora sendo, extremamente, brasileiro. Quer o melhor da Cacha\u00e7a Brasileira?\u00a0 Vem para a Copacesp.<\/p>\n<p>&nbsp;<\/p>\n<p><b>VALORES<\/b><\/p>\n<p><b>A Copacesp adota uma Politica Institucional de gest\u00e3o e est\u00e1 comprometida a:<\/b><\/p>\n<p><b>Resguardar o patrim\u00f4nio (Aguardente) do cooperado;<\/b><\/p>\n<p><b>Zelar pela transparencia de suas a\u00e7\u00f5es;<\/b><\/p>\n<p><b>Atender \u00e0s necessidades de seus cooperados os quais fornecem aguardente e tamb\u00e9m atender os anseios dos\u00a0 clientes finais facilitando a melhor negocia\u00e7\u00e3o visando o bem comum;<\/b><\/p>\n<p><b>Oferecer servi\u00e7os de qualidade, para isso, a Copacesp possui um laborat\u00f3rio de alta tecnologia;<\/b><\/p>\n<p><b>Racionalizar os recursos;<\/b><\/p>\n<p><b>Garantir o comprometimento e respeito rec\u00edprocos entre a institui\u00e7\u00e3o e seus colaboradores, cooperados e clientes finais;<\/b><\/p>\n<p><b>Empregar os princ\u00edpios do cooperativismo com responsabilidade social;<\/b><\/p>\n<p><b>Proteger a imagem da institui\u00e7\u00e3o;<\/b><\/p>\n<p><b>Assegurar a ades\u00e3o \u00e0s normas, atendendo as exig\u00eancias dos \u00f3rg\u00e3os reguladores;<\/b><\/p>\n<p><b>Suavizar os riscos cooperativos da institui\u00e7\u00e3o;<\/b><\/p>\n<p><b>Prezar pelo continuo melhoramento de seus processos internos;<\/b><\/p>\n<p><b>A Copacesp conta com o comprometimento de seus colaboradores e parceiros na execu\u00e7\u00e3o dessas premissas e assume o compromisso de garantir \u00e0 excel\u00eancia e a seguran\u00e7a de seus neg\u00f3cios.\u00a0<\/b><\/p>\n<p style=\"text-align: center;\"><img decoding=\"async\" loading=\"lazy\" class=\"aligncenter size-full wp-image-115\" alt=\"a-empresa\" src=\"http:\/\/copacesp.com.br\/wp-content\/uploads\/2013\/10\/a-empresa.jpg\" width=\"500\" height=\"375\" srcset=\"https:\/\/copacesp.com.br\/wp-content\/uploads\/2013\/10\/a-empresa.jpg 500w, https:\/\/copacesp.com.br\/wp-content\/uploads\/2013\/10\/a-empresa-300x225.jpg 300w\" sizes=\"(max-width: 500px) 100vw, 500px\" \/><\/p>\n","protected":false},"excerpt":{"rendered":"<p>MISS\u00c3O \u00a0Acolher os cooperados que fornecem aguardente e facilitar a comercializa\u00e7\u00e3o deste produto aos clientes que distribuem no mercado nacional e internacional, visando o crescimento em seus neg\u00f3cios. VIS\u00c3O \u00a0 Ser a melhor Cooperativa em aguardente do Brasil. Por isso, toda a equipe de colaboradores trabalham a cada dia,\u00a0 para atender as pessoas jur\u00eddicas que &#8230;<\/p>\n","protected":false},"author":3,"featured_media":69,"parent":0,"menu_order":0,"comment_status":"closed","ping_status":"closed","template":"","meta":[],"aioseo_notices":[],"_links":{"self":[{"href":"https:\/\/copacesp.com.br\/index.php?rest_route=\/wp\/v2\/pages\/67"}],"collection":[{"href":"https:\/\/copacesp.com.br\/index.php?rest_route=\/wp\/v2\/pages"}],"about":[{"href":"https:\/\/copacesp.com.br\/index.php?rest_route=\/wp\/v2\/types\/page"}],"author":[{"embeddable":true,"href":"https:\/\/copacesp.com.br\/index.php?rest_route=\/wp\/v2\/users\/3"}],"replies":[{"embeddable":true,"href":"https:\/\/copacesp.com.br\/index.php?rest_route=%2Fwp%2Fv2%2Fcomments&post=67"}],"version-history":[{"count":7,"href":"https:\/\/copacesp.com.br\/index.php?rest_route=\/wp\/v2\/pages\/67\/revisions"}],"predecessor-version":[{"id":116,"href":"https:\/\/copacesp.com.br\/index.php?rest_route=\/wp\/v2\/pages\/67\/revisions\/116"}],"wp:featuredmedia":[{"embeddable":true,"href":"https:\/\/copacesp.com.br\/index.php?rest_route=\/wp\/v2\/media\/69"}],"wp:attachment":[{"href":"https:\/\/copacesp.com.br\/index.php?rest_route=%2Fwp%2Fv2%2Fmedia&parent=67"}],"curies":[{"name":"wp","href":"https:\/\/api.w.org\/{rel}","templated":true}]}}