{"id":85,"date":"2013-10-28T21:58:01","date_gmt":"2013-10-28T21:58:01","guid":{"rendered":"http:\/\/copacesp.com.br\/?page_id=85"},"modified":"2013-11-18T20:20:17","modified_gmt":"2013-11-18T20:20:17","slug":"servicos-prestados","status":"publish","type":"page","link":"https:\/\/copacesp.com.br\/?page_id=85","title":{"rendered":"Servi\u00e7os Prestados"},"content":{"rendered":"<p>A copacesp possui in\u00fameros servi\u00e7os tais como na \u00e1rea comercial, pesquisa, engenharia e comunica\u00e7\u00e3o. O compromisso inicia desde o momento em que voc\u00ea consegue visualizar que suas necessidades precisam ser atendidas com excel\u00eancia. Conhe\u00e7a de perto os nossos servi\u00e7os que s\u00e3o realizados com responsabilidade social afim de atingir um mundo mais sustent\u00e1vel.<\/p>\n<p><strong>Para os cooperados (FORNECEDORES):<\/strong><\/p>\n<p>Departamento Tecnico em engenharia;<\/p>\n<p>Segue abaixo alguns dos projetos industriais\u00a0que o departamento t\u00e9cnico da Copacesp mais faz.<\/p>\n<p>Layouts<br \/>\nPreparo e Extra\u00e7\u00e3o de Cana<br \/>\nRegulagens das Moendas<br \/>\nBase Civil<br \/>\nHilos Mec\u00e2nicos<br \/>\nMesa Alimentadora<br \/>\nEsteiras de Cana<br \/>\nPicadores de Cana<br \/>\nDesfibradores de Cana<br \/>\nTambor Alimentador<br \/>\nEspalhadores de Cana<br \/>\nEsteiras R\u00e1pida de Borracha<br \/>\nDonellys<br \/>\nEsteiras de Arraste<br \/>\nEntre Outros.<br \/>\nT\u00e9cnico de Seguran\u00e7a;<br \/>\nLaborat\u00f3rio especializado e\u00a0Departamento Qu\u00edmico<\/p>\n<p>A COPACESP possui um laborat\u00f3rio especializado em analises f\u00edsica e qu\u00edmica que visa um Sistema de Gest\u00e3o da Qualidade.<\/p>\n<p>A Gest\u00e3o da Qualidade \u00e9 um dos pontos fortes da COPACESP. Fortemente embasado na sua Pol\u00edtica da Qualidade que sustenta toda a metodologia do SGQ, a empresa percebe os benef\u00edcios de fortalecer cada vez mais a cadeia, Fornecedores, Colaboradores.<\/p>\n<p>&nbsp;<\/p>\n<p>A melhoria cont\u00ednua do processo de produ\u00e7\u00e3o de aguardente, conta com um rigoroso e reconhecido controle de qualidade, que atua em toda a cadeia do processo: desde a mat\u00e9ria-prima, o acompanhamento dos produtos durante o processo, at\u00e9 a venda do produto a granel. A COPACESP al\u00e9m de administrar e distribuir a produ\u00e7\u00e3o de aguardente oferece todo suporte t\u00e9cnico que seus cooperados necessitam para obter uma aguardente de qualidade inquestion\u00e1vel seguindo a Instru\u00e7\u00e3o Normativa n\u00ba13\/2005.<\/p>\n<p>A COPACESP possui uma equipe de profissionais altamente experientes que ir\u00e1 auxili\u00e1-lo a conduzir da melhor forma seu processo de produ\u00e7\u00e3o, fundamentados em mais de 40 anos de experi\u00eancia e pesquisa na ind\u00fastria aguardenteira. Um dos principais pontos dos controles e desenvolvimentos \u00e9 uma equipe t\u00e9cnica experiente que conta com profissionais da \u00e1rea da qu\u00edmica, biol\u00f3gicas e engenharia qu\u00edmica que est\u00e3o em constante processo de atualiza\u00e7\u00e3o. A COPACESP possui laborat\u00f3rio totalmente equipado com, os melhores equipamentos do mercado, al\u00e9m das an\u00e1lises f\u00edsico-qu\u00edmicas \u00e9 poss\u00edvel realizar analises cromatogr\u00e1fica e at\u00e9 mesmo an\u00e1lise cromatogr\u00e1fica acoplada no espectr\u00f4metro de massa (GC\/MS).<\/p>\n<p>Veja a oportunidade que a Copacesp d\u00e1 aos seus cooperados e clientes<\/p>\n<p>Informamos ao interessados que a Copacesp disp\u00f5e para armazenagem a capacidade de 36.000.000 (trinta e seis milh\u00f5es) de litros de \u00e1lcool com possibilidade para carregamento de 600.000 (seiscentos mil) litros\/dia, e, capacidade de descarregamento de 1.000.000 (um milh\u00e3o) litros\/dia.<br \/>\nO aluguel dos tanques (pre\u00e7os a combinar)<\/p>\n<p style=\"text-align: center;\"><img decoding=\"async\" loading=\"lazy\" class=\"aligncenter size-full wp-image-113\" alt=\"\" src=\"http:\/\/copacesp.com.br\/wp-content\/uploads\/2013\/10\/DSC02340.jpg\" width=\"450\" height=\"338\" srcset=\"https:\/\/copacesp.com.br\/wp-content\/uploads\/2013\/10\/DSC02340.jpg 450w, https:\/\/copacesp.com.br\/wp-content\/uploads\/2013\/10\/DSC02340-300x225.jpg 300w\" sizes=\"(max-width: 450px) 100vw, 450px\" \/><\/p>\n","protected":false},"excerpt":{"rendered":"<p>A copacesp possui in\u00fameros servi\u00e7os tais como na \u00e1rea comercial, pesquisa, engenharia e comunica\u00e7\u00e3o. O compromisso inicia desde o momento em que voc\u00ea consegue visualizar que suas necessidades precisam ser atendidas com excel\u00eancia. Conhe\u00e7a de perto os nossos servi\u00e7os que s\u00e3o realizados com responsabilidade social afim de atingir um mundo mais sustent\u00e1vel. Para os cooperados &#8230;<\/p>\n","protected":false},"author":3,"featured_media":0,"parent":0,"menu_order":0,"comment_status":"closed","ping_status":"closed","template":"","meta":[],"aioseo_notices":[],"_links":{"self":[{"href":"https:\/\/copacesp.com.br\/index.php?rest_route=\/wp\/v2\/pages\/85"}],"collection":[{"href":"https:\/\/copacesp.com.br\/index.php?rest_route=\/wp\/v2\/pages"}],"about":[{"href":"https:\/\/copacesp.com.br\/index.php?rest_route=\/wp\/v2\/types\/page"}],"author":[{"embeddable":true,"href":"https:\/\/copacesp.com.br\/index.php?rest_route=\/wp\/v2\/users\/3"}],"replies":[{"embeddable":true,"href":"https:\/\/copacesp.com.br\/index.php?rest_route=%2Fwp%2Fv2%2Fcomments&post=85"}],"version-history":[{"count":6,"href":"https:\/\/copacesp.com.br\/index.php?rest_route=\/wp\/v2\/pages\/85\/revisions"}],"predecessor-version":[{"id":329,"href":"https:\/\/copacesp.com.br\/index.php?rest_route=\/wp\/v2\/pages\/85\/revisions\/329"}],"wp:attachment":[{"href":"https:\/\/copacesp.com.br\/index.php?rest_route=%2Fwp%2Fv2%2Fmedia&parent=85"}],"curies":[{"name":"wp","href":"https:\/\/api.w.org\/{rel}","templated":true}]}}